{"id":1079,"date":"2025-07-23T10:15:13","date_gmt":"2025-07-23T10:15:13","guid":{"rendered":"https:\/\/manuelsierra.cl\/NuevosUsuarios\/?page_id=1079"},"modified":"2025-08-06T13:10:13","modified_gmt":"2025-08-06T13:10:13","slug":"reembolso_devoluciones","status":"publish","type":"page","link":"https:\/\/manuelsierra.cl\/NuevosUsuarios\/reembolso_devoluciones\/","title":{"rendered":"Pol\u00edtica de devoluciones y reembolsos"},"content":{"rendered":"\t\t<div data-elementor-type=\"wp-page\" data-elementor-id=\"1079\" class=\"elementor elementor-1079\" data-elementor-post-type=\"page\">\n\t\t\t\t<div class=\"elementor-element elementor-element-36dcd2a e-flex e-con-boxed e-con e-parent\" data-id=\"36dcd2a\" data-element_type=\"container\" data-e-type=\"container\">\n\t\t\t\t\t<div class=\"e-con-inner\">\n\t\t<div class=\"elementor-element elementor-element-d43ead3 e-con-full e-flex elementor-invisible e-con e-child\" data-id=\"d43ead3\" data-element_type=\"container\" data-e-type=\"container\" data-settings=\"{&quot;animation&quot;:&quot;fadeIn&quot;}\">\n\t\t\t\t<div class=\"elementor-element elementor-element-bdaffe2 elementor-widget elementor-widget-image\" data-id=\"bdaffe2\" data-element_type=\"widget\" data-e-type=\"widget\" data-widget_type=\"image.default\">\n\t\t\t\t<div class=\"elementor-widget-container\">\n\t\t\t\t\t\t\t\t\t\t\t\t\t\t\t<img fetchpriority=\"high\" decoding=\"async\" width=\"1024\" height=\"953\" src=\"https:\/\/manuelsierra.cl\/NuevosUsuarios\/wp-content\/uploads\/2025\/07\/Recurso-3@4x-1024x953.png\" class=\"attachment-large size-large wp-image-623\" alt=\"\" srcset=\"https:\/\/manuelsierra.cl\/NuevosUsuarios\/wp-content\/uploads\/2025\/07\/Recurso-3@4x-1024x953.png 1024w, https:\/\/manuelsierra.cl\/NuevosUsuarios\/wp-content\/uploads\/2025\/07\/Recurso-3@4x-600x558.png 600w, https:\/\/manuelsierra.cl\/NuevosUsuarios\/wp-content\/uploads\/2025\/07\/Recurso-3@4x-300x279.png 300w, https:\/\/manuelsierra.cl\/NuevosUsuarios\/wp-content\/uploads\/2025\/07\/Recurso-3@4x-768x715.png 768w, https:\/\/manuelsierra.cl\/NuevosUsuarios\/wp-content\/uploads\/2025\/07\/Recurso-3@4x.png 1280w\" sizes=\"(max-width: 1024px) 100vw, 1024px\" \/>\t\t\t\t\t\t\t\t\t\t\t\t\t\t\t<\/div>\n\t\t\t\t<\/div>\n\t\t\t\t<div class=\"elementor-element elementor-element-4cdc729 elementor-widget elementor-widget-text-editor\" data-id=\"4cdc729\" data-element_type=\"widget\" data-e-type=\"widget\" data-widget_type=\"text-editor.default\">\n\t\t\t\t<div class=\"elementor-widget-container\">\n\t\t\t\t\t\t\t\t\t<p>Pol\u00edtica de reembolso<\/p>\t\t\t\t\t\t\t\t<\/div>\n\t\t\t\t<\/div>\n\t\t<div class=\"elementor-element elementor-element-b96339a e-con-full e-flex e-con e-child\" data-id=\"b96339a\" data-element_type=\"container\" data-e-type=\"container\">\n\t\t\t\t<div class=\"elementor-element elementor-element-ca2e759 elementor-widget elementor-widget-text-editor\" data-id=\"ca2e759\" data-element_type=\"widget\" data-e-type=\"widget\" data-widget_type=\"text-editor.default\">\n\t\t\t\t<div class=\"elementor-widget-container\">\n\t\t\t\t\t\t\t\t\t<p>Para realizar cambios de productos adquiridos en nuestra Tienda online, debes enviar un correo electr\u00f3nico a contacto@magamujer.cl, indicando el n\u00famero de orden de tu pedido y\/o el n\u00famero de la boleta correspondiente, as\u00ed como una breve descripci\u00f3n de tus razones para solicitar un cambio o devoluci\u00f3n. Un integrante del equipo te contactar\u00e1 y te indicar\u00e1 los pasos que deber\u00e1s seguir.\u00a0<\/p><p>\u00a0<\/p><p><strong>Los requisitos para realizar cambios y devoluciones:<\/strong><\/p><p><strong>\u00a0<\/strong><\/p><p><strong>1.<\/strong> No haber transcurrido m\u00e1s 30 d\u00edas desde la fecha de compra del producto seg\u00fan boleta de compraventa, siempre que \u00e9ste no se hubiere deteriorado por hechos imputables a su uso (Art\u00edculo 1 Ley 19.496)<\/p><p>\u00a0<\/p><p><strong>2<\/strong>. El producto debe estar sin uso, con etiquetas y en perfectas condiciones.<\/p><p>\u00a0<\/p><p><strong>3.<\/strong> Debe tener embalajes originales, accesorios, manuales y p\u00f3lizas de garant\u00eda, si correspondiere.<\/p><p>\u00a0<\/p><p><strong>4.<\/strong> El cliente debe presentar\u00a0comprobante que acredite la compra. Puedes solicitar un cambio o una devoluci\u00f3n si el producto presenta fallas de origen o si no cumple con las caracter\u00edsticas anunciadas (ejemplo: color, medidas, accesorios). La Ley establece que no se realizan devoluciones si no te gust\u00f3 un producto o si no te qued\u00f3 la talla elegida.<br \/>La devoluci\u00f3n se realizar\u00e1 en un plazo de 15 d\u00edas h\u00e1biles y se le enviar\u00e1 el comprobante de la transferencia al cliente.<\/p><p>\u00a0<\/p><p><strong>5.<\/strong> El producto debe ser devuelto en la direcci\u00f3n entregada por la tienda antes de 15 d\u00edas h\u00e1biles de haber realizado la compra.<\/p>\t\t\t\t\t\t\t\t<\/div>\n\t\t\t\t<\/div>\n\t\t\t\t<\/div>\n\t\t\t\t<\/div>\n\t\t\t\t\t<\/div>\n\t\t\t\t<\/div>\n\t\t\t\t<\/div>\n\t\t","protected":false},"excerpt":{"rendered":"<p>Pol\u00edtica de reembolso Para realizar cambios de productos adquiridos en nuestra Tienda online, debes enviar un correo electr\u00f3nico a contacto@magamujer.cl, [&hellip;]<\/p>\n","protected":false},"author":1,"featured_media":0,"parent":0,"menu_order":0,"comment_status":"closed","ping_status":"closed","template":"","meta":{"_acf_changed":false,"site-sidebar-layout":"default","site-content-layout":"","ast-site-content-layout":"default","site-content-style":"default","site-sidebar-style":"default","ast-global-header-display":"","ast-banner-title-visibility":"","ast-main-header-display":"","ast-hfb-above-header-display":"","ast-hfb-below-header-display":"","ast-hfb-mobile-header-display":"","site-post-title":"","ast-breadcrumbs-content":"","ast-featured-img":"","footer-sml-layout":"","ast-disable-related-posts":"","theme-transparent-header-meta":"","adv-header-id-meta":"","stick-header-meta":"","header-above-stick-meta":"","header-main-stick-meta":"","header-below-stick-meta":"","astra-migrate-meta-layouts":"default","ast-page-background-enabled":"default","ast-page-background-meta":{"desktop":{"background-color":"var(--ast-global-color-4)","background-image":"","background-repeat":"repeat","background-position":"center center","background-size":"auto","background-attachment":"scroll","background-type":"","background-media":"","overlay-type":"","overlay-color":"","overlay-opacity":"","overlay-gradient":""},"tablet":{"background-color":"","background-image":"","background-repeat":"repeat","background-position":"center center","background-size":"auto","background-attachment":"scroll","background-type":"","background-media":"","overlay-type":"","overlay-color":"","overlay-opacity":"","overlay-gradient":""},"mobile":{"background-color":"","background-image":"","background-repeat":"repeat","background-position":"center center","background-size":"auto","background-attachment":"scroll","background-type":"","background-media":"","overlay-type":"","overlay-color":"","overlay-opacity":"","overlay-gradient":""}},"ast-content-background-meta":{"desktop":{"background-color":"var(--ast-global-color-5)","background-image":"","background-repeat":"repeat","background-position":"center center","background-size":"auto","background-attachment":"scroll","background-type":"","background-media":"","overlay-type":"","overlay-color":"","overlay-opacity":"","overlay-gradient":""},"tablet":{"background-color":"var(--ast-global-color-5)","background-image":"","background-repeat":"repeat","background-position":"center center","background-size":"auto","background-attachment":"scroll","background-type":"","background-media":"","overlay-type":"","overlay-color":"","overlay-opacity":"","overlay-gradient":""},"mobile":{"background-color":"var(--ast-global-color-5)","background-image":"","background-repeat":"repeat","background-position":"center center","background-size":"auto","background-attachment":"scroll","background-type":"","background-media":"","overlay-type":"","overlay-color":"","overlay-opacity":"","overlay-gradient":""}},"footnotes":""},"class_list":["post-1079","page","type-page","status-publish","hentry"],"acf":[],"yoast_head":"<!-- This site is optimized with the Yoast SEO plugin v27.5 - https:\/\/yoast.com\/product\/yoast-seo-wordpress\/ -->\n<title>Pol\u00edtica de devoluciones y reembolsos - MAGA MUJER<\/title>\n<meta name=\"robots\" content=\"index, follow, max-snippet:-1, max-image-preview:large, max-video-preview:-1\" \/>\n<link rel=\"canonical\" href=\"https:\/\/manuelsierra.cl\/NuevosUsuarios\/reembolso_devoluciones\/\" \/>\n<meta property=\"og:locale\" content=\"es_ES\" \/>\n<meta property=\"og:type\" content=\"article\" \/>\n<meta property=\"og:title\" content=\"Pol\u00edtica de devoluciones y reembolsos - MAGA MUJER\" \/>\n<meta property=\"og:description\" content=\"Pol\u00edtica de reembolso Para realizar cambios de productos adquiridos en nuestra Tienda online, debes enviar un correo electr\u00f3nico a contacto@magamujer.cl, [&hellip;]\" \/>\n<meta property=\"og:url\" content=\"https:\/\/manuelsierra.cl\/NuevosUsuarios\/reembolso_devoluciones\/\" \/>\n<meta property=\"og:site_name\" content=\"MAGA MUJER\" \/>\n<meta property=\"article:modified_time\" content=\"2025-08-06T13:10:13+00:00\" \/>\n<meta property=\"og:image\" content=\"https:\/\/manuelsierra.cl\/NuevosUsuarios\/wp-content\/uploads\/2025\/07\/Recurso-3@4x.png\" \/>\n\t<meta property=\"og:image:width\" content=\"1280\" \/>\n\t<meta property=\"og:image:height\" content=\"1191\" \/>\n\t<meta property=\"og:image:type\" content=\"image\/png\" \/>\n<meta name=\"twitter:card\" content=\"summary_large_image\" \/>\n<meta name=\"twitter:label1\" content=\"Tiempo de lectura\" \/>\n\t<meta name=\"twitter:data1\" content=\"2 minutos\" \/>\n<script type=\"application\/ld+json\" class=\"yoast-schema-graph\">{\"@context\":\"https:\\\/\\\/schema.org\",\"@graph\":[{\"@type\":\"WebPage\",\"@id\":\"https:\\\/\\\/manuelsierra.cl\\\/NuevosUsuarios\\\/reembolso_devoluciones\\\/\",\"url\":\"https:\\\/\\\/manuelsierra.cl\\\/NuevosUsuarios\\\/reembolso_devoluciones\\\/\",\"name\":\"Pol\u00edtica de devoluciones y reembolsos - MAGA MUJER\",\"isPartOf\":{\"@id\":\"https:\\\/\\\/manuelsierra.cl\\\/NuevosUsuarios\\\/#website\"},\"primaryImageOfPage\":{\"@id\":\"https:\\\/\\\/manuelsierra.cl\\\/NuevosUsuarios\\\/reembolso_devoluciones\\\/#primaryimage\"},\"image\":{\"@id\":\"https:\\\/\\\/manuelsierra.cl\\\/NuevosUsuarios\\\/reembolso_devoluciones\\\/#primaryimage\"},\"thumbnailUrl\":\"https:\\\/\\\/manuelsierra.cl\\\/NuevosUsuarios\\\/wp-content\\\/uploads\\\/2025\\\/07\\\/Recurso-3@4x-1024x953.png\",\"datePublished\":\"2025-07-23T10:15:13+00:00\",\"dateModified\":\"2025-08-06T13:10:13+00:00\",\"breadcrumb\":{\"@id\":\"https:\\\/\\\/manuelsierra.cl\\\/NuevosUsuarios\\\/reembolso_devoluciones\\\/#breadcrumb\"},\"inLanguage\":\"es\",\"potentialAction\":[{\"@type\":\"ReadAction\",\"target\":[\"https:\\\/\\\/manuelsierra.cl\\\/NuevosUsuarios\\\/reembolso_devoluciones\\\/\"]}]},{\"@type\":\"ImageObject\",\"inLanguage\":\"es\",\"@id\":\"https:\\\/\\\/manuelsierra.cl\\\/NuevosUsuarios\\\/reembolso_devoluciones\\\/#primaryimage\",\"url\":\"https:\\\/\\\/manuelsierra.cl\\\/NuevosUsuarios\\\/wp-content\\\/uploads\\\/2025\\\/07\\\/Recurso-3@4x.png\",\"contentUrl\":\"https:\\\/\\\/manuelsierra.cl\\\/NuevosUsuarios\\\/wp-content\\\/uploads\\\/2025\\\/07\\\/Recurso-3@4x.png\",\"width\":1280,\"height\":1191},{\"@type\":\"BreadcrumbList\",\"@id\":\"https:\\\/\\\/manuelsierra.cl\\\/NuevosUsuarios\\\/reembolso_devoluciones\\\/#breadcrumb\",\"itemListElement\":[{\"@type\":\"ListItem\",\"position\":1,\"name\":\"Portada\",\"item\":\"https:\\\/\\\/manuelsierra.cl\\\/NuevosUsuarios\\\/\"},{\"@type\":\"ListItem\",\"position\":2,\"name\":\"Pol\u00edtica de devoluciones y reembolsos\"}]},{\"@type\":\"WebSite\",\"@id\":\"https:\\\/\\\/manuelsierra.cl\\\/NuevosUsuarios\\\/#website\",\"url\":\"https:\\\/\\\/manuelsierra.cl\\\/NuevosUsuarios\\\/\",\"name\":\"MAGA MUJER\",\"description\":\"\",\"publisher\":{\"@id\":\"https:\\\/\\\/manuelsierra.cl\\\/NuevosUsuarios\\\/#organization\"},\"potentialAction\":[{\"@type\":\"SearchAction\",\"target\":{\"@type\":\"EntryPoint\",\"urlTemplate\":\"https:\\\/\\\/manuelsierra.cl\\\/NuevosUsuarios\\\/?s={search_term_string}\"},\"query-input\":{\"@type\":\"PropertyValueSpecification\",\"valueRequired\":true,\"valueName\":\"search_term_string\"}}],\"inLanguage\":\"es\"},{\"@type\":\"Organization\",\"@id\":\"https:\\\/\\\/manuelsierra.cl\\\/NuevosUsuarios\\\/#organization\",\"name\":\"MAGA MUJER\",\"url\":\"https:\\\/\\\/manuelsierra.cl\\\/NuevosUsuarios\\\/\",\"logo\":{\"@type\":\"ImageObject\",\"inLanguage\":\"es\",\"@id\":\"https:\\\/\\\/manuelsierra.cl\\\/NuevosUsuarios\\\/#\\\/schema\\\/logo\\\/image\\\/\",\"url\":\"https:\\\/\\\/manuelsierra.cl\\\/NuevosUsuarios\\\/wp-content\\\/uploads\\\/2025\\\/07\\\/Recurso-1@4x.png\",\"contentUrl\":\"https:\\\/\\\/manuelsierra.cl\\\/NuevosUsuarios\\\/wp-content\\\/uploads\\\/2025\\\/07\\\/Recurso-1@4x.png\",\"width\":2189,\"height\":1183,\"caption\":\"MAGA MUJER\"},\"image\":{\"@id\":\"https:\\\/\\\/manuelsierra.cl\\\/NuevosUsuarios\\\/#\\\/schema\\\/logo\\\/image\\\/\"}}]}<\/script>\n<!-- \/ Yoast SEO plugin. -->","yoast_head_json":{"title":"Pol\u00edtica de devoluciones y reembolsos - MAGA MUJER","robots":{"index":"index","follow":"follow","max-snippet":"max-snippet:-1","max-image-preview":"max-image-preview:large","max-video-preview":"max-video-preview:-1"},"canonical":"https:\/\/manuelsierra.cl\/NuevosUsuarios\/reembolso_devoluciones\/","og_locale":"es_ES","og_type":"article","og_title":"Pol\u00edtica de devoluciones y reembolsos - MAGA MUJER","og_description":"Pol\u00edtica de reembolso Para realizar cambios de productos adquiridos en nuestra Tienda online, debes enviar un correo electr\u00f3nico a contacto@magamujer.cl, [&hellip;]","og_url":"https:\/\/manuelsierra.cl\/NuevosUsuarios\/reembolso_devoluciones\/","og_site_name":"MAGA MUJER","article_modified_time":"2025-08-06T13:10:13+00:00","og_image":[{"width":1280,"height":1191,"url":"https:\/\/manuelsierra.cl\/NuevosUsuarios\/wp-content\/uploads\/2025\/07\/Recurso-3@4x.png","type":"image\/png"}],"twitter_card":"summary_large_image","twitter_misc":{"Tiempo de lectura":"2 minutos"},"schema":{"@context":"https:\/\/schema.org","@graph":[{"@type":"WebPage","@id":"https:\/\/manuelsierra.cl\/NuevosUsuarios\/reembolso_devoluciones\/","url":"https:\/\/manuelsierra.cl\/NuevosUsuarios\/reembolso_devoluciones\/","name":"Pol\u00edtica de devoluciones y reembolsos - MAGA MUJER","isPartOf":{"@id":"https:\/\/manuelsierra.cl\/NuevosUsuarios\/#website"},"primaryImageOfPage":{"@id":"https:\/\/manuelsierra.cl\/NuevosUsuarios\/reembolso_devoluciones\/#primaryimage"},"image":{"@id":"https:\/\/manuelsierra.cl\/NuevosUsuarios\/reembolso_devoluciones\/#primaryimage"},"thumbnailUrl":"https:\/\/manuelsierra.cl\/NuevosUsuarios\/wp-content\/uploads\/2025\/07\/Recurso-3@4x-1024x953.png","datePublished":"2025-07-23T10:15:13+00:00","dateModified":"2025-08-06T13:10:13+00:00","breadcrumb":{"@id":"https:\/\/manuelsierra.cl\/NuevosUsuarios\/reembolso_devoluciones\/#breadcrumb"},"inLanguage":"es","potentialAction":[{"@type":"ReadAction","target":["https:\/\/manuelsierra.cl\/NuevosUsuarios\/reembolso_devoluciones\/"]}]},{"@type":"ImageObject","inLanguage":"es","@id":"https:\/\/manuelsierra.cl\/NuevosUsuarios\/reembolso_devoluciones\/#primaryimage","url":"https:\/\/manuelsierra.cl\/NuevosUsuarios\/wp-content\/uploads\/2025\/07\/Recurso-3@4x.png","contentUrl":"https:\/\/manuelsierra.cl\/NuevosUsuarios\/wp-content\/uploads\/2025\/07\/Recurso-3@4x.png","width":1280,"height":1191},{"@type":"BreadcrumbList","@id":"https:\/\/manuelsierra.cl\/NuevosUsuarios\/reembolso_devoluciones\/#breadcrumb","itemListElement":[{"@type":"ListItem","position":1,"name":"Portada","item":"https:\/\/manuelsierra.cl\/NuevosUsuarios\/"},{"@type":"ListItem","position":2,"name":"Pol\u00edtica de devoluciones y reembolsos"}]},{"@type":"WebSite","@id":"https:\/\/manuelsierra.cl\/NuevosUsuarios\/#website","url":"https:\/\/manuelsierra.cl\/NuevosUsuarios\/","name":"MAGA MUJER","description":"","publisher":{"@id":"https:\/\/manuelsierra.cl\/NuevosUsuarios\/#organization"},"potentialAction":[{"@type":"SearchAction","target":{"@type":"EntryPoint","urlTemplate":"https:\/\/manuelsierra.cl\/NuevosUsuarios\/?s={search_term_string}"},"query-input":{"@type":"PropertyValueSpecification","valueRequired":true,"valueName":"search_term_string"}}],"inLanguage":"es"},{"@type":"Organization","@id":"https:\/\/manuelsierra.cl\/NuevosUsuarios\/#organization","name":"MAGA MUJER","url":"https:\/\/manuelsierra.cl\/NuevosUsuarios\/","logo":{"@type":"ImageObject","inLanguage":"es","@id":"https:\/\/manuelsierra.cl\/NuevosUsuarios\/#\/schema\/logo\/image\/","url":"https:\/\/manuelsierra.cl\/NuevosUsuarios\/wp-content\/uploads\/2025\/07\/Recurso-1@4x.png","contentUrl":"https:\/\/manuelsierra.cl\/NuevosUsuarios\/wp-content\/uploads\/2025\/07\/Recurso-1@4x.png","width":2189,"height":1183,"caption":"MAGA MUJER"},"image":{"@id":"https:\/\/manuelsierra.cl\/NuevosUsuarios\/#\/schema\/logo\/image\/"}}]}},"_links":{"self":[{"href":"https:\/\/manuelsierra.cl\/NuevosUsuarios\/wp-json\/wp\/v2\/pages\/1079","targetHints":{"allow":["GET"]}}],"collection":[{"href":"https:\/\/manuelsierra.cl\/NuevosUsuarios\/wp-json\/wp\/v2\/pages"}],"about":[{"href":"https:\/\/manuelsierra.cl\/NuevosUsuarios\/wp-json\/wp\/v2\/types\/page"}],"author":[{"embeddable":true,"href":"https:\/\/manuelsierra.cl\/NuevosUsuarios\/wp-json\/wp\/v2\/users\/1"}],"replies":[{"embeddable":true,"href":"https:\/\/manuelsierra.cl\/NuevosUsuarios\/wp-json\/wp\/v2\/comments?post=1079"}],"version-history":[{"count":9,"href":"https:\/\/manuelsierra.cl\/NuevosUsuarios\/wp-json\/wp\/v2\/pages\/1079\/revisions"}],"predecessor-version":[{"id":1224,"href":"https:\/\/manuelsierra.cl\/NuevosUsuarios\/wp-json\/wp\/v2\/pages\/1079\/revisions\/1224"}],"wp:attachment":[{"href":"https:\/\/manuelsierra.cl\/NuevosUsuarios\/wp-json\/wp\/v2\/media?parent=1079"}],"curies":[{"name":"wp","href":"https:\/\/api.w.org\/{rel}","templated":true}]}}